{"id":217,"date":"2023-02-09T09:39:27","date_gmt":"2023-02-09T09:39:27","guid":{"rendered":"https:\/\/www.rccarpaty.sk\/?page_id=217"},"modified":"2026-01-01T16:00:27","modified_gmt":"2026-01-01T16:00:27","slug":"rc-blog","status":"publish","type":"page","link":"https:\/\/www.rccarpaty.sk\/index.php\/rc-blog\/","title":{"rendered":"RC blog"},"content":{"rendered":"\n<div class=\"wp-block-columns is-layout-flex wp-container-core-columns-is-layout-9d6595d7 wp-block-columns-is-layout-flex\">\n<div class=\"wp-block-column is-layout-flow wp-block-column-is-layout-flow\" style=\"flex-basis:100%\">\n<ol class=\"wp-block-list\">\n<li><\/li>\n<\/ol>\n<\/div>\n<\/div>\n\n\n<p>DROBNE PRAKTICK\u00c9 TECHNICK\u00c9 RADY s RC DO PR\u00cdRODY<\/p>\n<p>A) ke\u010f nab\u00edjame (LI-PO) bat\u00e9rie, odpor\u00fa\u010dame\u00a0 nab\u00edja\u0165 pod dozorom, alebo v priestore minim\u00e1lnou hor\u013eavos\u0165ou, nebezpe\u010denstvo v\u00fdbuchu-po\u017eiar.\u00a0<\/p>\n<ol>\n<li>m\u00f4\u017eete bat\u00e9riu po\u0161kodi\u0165 (nadmern\u00fdm nab\u00edjac\u00edmi pr\u00fadom v Mah.)\u00a0 Alebo ju nech\u00e1te dlhodobo vybit\u00fa pod minimom.\u00a0<\/li>\n<li>bat\u00e9ria m\u00f4\u017ee za\u010da\u0165 v extr\u00e9mnych pr\u00edpadoch aj horie\u0165, preto je nutne v\u017edy po\u010das exped\u00edcie nosi\u0165 zo sebou hasiaci pr\u00edstroj\u00a0 sprejov\u00fd.<\/li>\n<\/ol>\n<p>B) nenech\u00e1vajte (LI-PO) bat\u00e9rie na priamom slne\u010dnom \u017eiaren\u00ed.<\/p>\n<p>C) ke\u010f men\u00edte bat\u00e9rie v aute po\u010das exped\u00edcie, vysiela\u010dku nechajte zapnut\u00fa, no nemajte ju zavesen\u00fa na krku, ale bezpe\u010dne na nehybnom mieste odlo\u017een\u00fa. Predch\u00e1dzate\u00a0 tak zbyto\u010dn\u00fdm \u00farazom.<\/p>\n<ol>\n<li>rc auto bez sign\u00e1lu sa m\u00f4\u017ee sta\u0165 neovl\u00e1date\u013en\u00e9.<\/li>\n<\/ol>\n<p>D) poradie ako spr\u00e1vne zapn\u00fa\u0165 a vypn\u00fa\u0165 auto ak idete na exped\u00edciu \u2013 v\u00fdlet.<\/p>\n<ol>\n<li>Za\u010diatok exped\u00edcie \u2013 zapoji\u0165 bat\u00e9riu, zapn\u00fa\u0165 vysiela\u010dku a nakoniec regul\u00e1tor.<\/li>\n<li>koniec exped\u00edcie\/jazdy \u2013 vypn\u00fa\u0165 regul\u00e1tor, odpoji\u0165 bat\u00e9riu, vypn\u00fa\u0165 vysiela\u010dku.<\/li>\n<li>pri k\u00e1va pauze \u2013 vypnutie vysiela\u010dky neposta\u010duje. Vypnutie regul\u00e1tora na aut\u00ed\u010dku a n\u00e1sledne vysiela\u010dku.<\/li>\n<\/ol>\n<p>5) BEZPE\u010cNOS\u0164 \u2013 treba ma\u0165 na pam\u00e4ti, bat\u00e9rie v RC aut\u00ed\u010dkach maj\u00fa skuto\u010dn\u00fa silu jednorazov\u00e9ho na\u0161tartovania skuto\u010dn\u00e9ho auta.<\/p>\n\n\n<p>V pr\u00edpade  ot\u00e1zok nev\u00e1hajte  kontaktova\u0165 na : rccarpatyzavina\u010dgmail.com<\/p>\n","protected":false},"excerpt":{"rendered":"<p>DROBNE PRAKTICK\u00c9 TECHNICK\u00c9 RADY s RC DO PR\u00cdRODY A) ke\u010f nab\u00edjame (LI-PO) bat\u00e9rie, odpor\u00fa\u010dame\u00a0 nab\u00edja\u0165 pod dozorom, alebo v priestore minim\u00e1lnou hor\u013eavos\u0165ou, nebezpe\u010denstvo v\u00fdbuchu-po\u017eiar.\u00a0 m\u00f4\u017eete bat\u00e9riu po\u0161kodi\u0165 (nadmern\u00fdm nab\u00edjac\u00edmi pr\u00fadom&hellip;&nbsp;<a href=\"https:\/\/www.rccarpaty.sk\/index.php\/rc-blog\/\" class=\"\" rel=\"bookmark\">\u010c\u00edta\u0165 viac &raquo;<span class=\"screen-reader-text\">RC blog<\/span><\/a><\/p>\n","protected":false},"author":1,"featured_media":0,"parent":0,"menu_order":0,"comment_status":"closed","ping_status":"closed","template":"","meta":{"om_disable_all_campaigns":false,"_monsterinsights_skip_tracking":false,"_monsterinsights_sitenote_active":false,"_monsterinsights_sitenote_note":"","_monsterinsights_sitenote_category":0,"neve_meta_sidebar":"","neve_meta_container":"","neve_meta_enable_content_width":"","neve_meta_content_width":0,"neve_meta_title_alignment":"","neve_meta_author_avatar":"","neve_post_elements_order":"","neve_meta_disable_header":"","neve_meta_disable_footer":"","neve_meta_disable_title":"","footnotes":""},"class_list":["post-217","page","type-page","status-publish","hentry"],"_links":{"self":[{"href":"https:\/\/www.rccarpaty.sk\/index.php\/wp-json\/wp\/v2\/pages\/217","targetHints":{"allow":["GET"]}}],"collection":[{"href":"https:\/\/www.rccarpaty.sk\/index.php\/wp-json\/wp\/v2\/pages"}],"about":[{"href":"https:\/\/www.rccarpaty.sk\/index.php\/wp-json\/wp\/v2\/types\/page"}],"author":[{"embeddable":true,"href":"https:\/\/www.rccarpaty.sk\/index.php\/wp-json\/wp\/v2\/users\/1"}],"replies":[{"embeddable":true,"href":"https:\/\/www.rccarpaty.sk\/index.php\/wp-json\/wp\/v2\/comments?post=217"}],"version-history":[{"count":7,"href":"https:\/\/www.rccarpaty.sk\/index.php\/wp-json\/wp\/v2\/pages\/217\/revisions"}],"predecessor-version":[{"id":553,"href":"https:\/\/www.rccarpaty.sk\/index.php\/wp-json\/wp\/v2\/pages\/217\/revisions\/553"}],"wp:attachment":[{"href":"https:\/\/www.rccarpaty.sk\/index.php\/wp-json\/wp\/v2\/media?parent=217"}],"curies":[{"name":"wp","href":"https:\/\/api.w.org\/{rel}","templated":true}]}}