{"id":352,"date":"2023-08-07T06:55:37","date_gmt":"2023-08-07T06:55:37","guid":{"rendered":"https:\/\/www.rccarpaty.sk\/?page_id=352"},"modified":"2026-04-12T12:12:07","modified_gmt":"2026-04-12T12:12:07","slug":"eventy-teambuilding","status":"publish","type":"page","link":"https:\/\/www.rccarpaty.sk\/index.php\/eventy-teambuilding\/","title":{"rendered":"Eventy \/ teambuilding \/\u0161kolsk\u00fd anima\u010dn\u00fd program"},"content":{"rendered":"\n<figure class=\"wp-block-image alignwide size-large\"><img loading=\"lazy\" decoding=\"async\" width=\"683\" height=\"1024\" src=\"https:\/\/www.rccarpaty.sk\/wp-content\/uploads\/2026\/04\/Copilot_20260410_205042-1-683x1024.png\" alt=\"\" class=\"wp-image-567\" srcset=\"https:\/\/www.rccarpaty.sk\/wp-content\/uploads\/2026\/04\/Copilot_20260410_205042-1-683x1024.png 683w, https:\/\/www.rccarpaty.sk\/wp-content\/uploads\/2026\/04\/Copilot_20260410_205042-1-200x300.png 200w, https:\/\/www.rccarpaty.sk\/wp-content\/uploads\/2026\/04\/Copilot_20260410_205042-1-768x1152.png 768w, https:\/\/www.rccarpaty.sk\/wp-content\/uploads\/2026\/04\/Copilot_20260410_205042-1.png 1024w\" sizes=\"auto, (max-width: 683px) 100vw, 683px\" \/><figcaption class=\"wp-element-caption\">Cena uveden\u00e1 s DPH r\u00e1mci okruhu z\u00e1padn\u00e9ho Slovenska .In\u00e9 kraje zvl\u00e1\u0161\u0165 ponuka  k doprave.  <\/figcaption><\/figure>\n","protected":false},"excerpt":{"rendered":"","protected":false},"author":1,"featured_media":0,"parent":0,"menu_order":0,"comment_status":"closed","ping_status":"closed","template":"","meta":{"om_disable_all_campaigns":false,"_monsterinsights_skip_tracking":false,"_monsterinsights_sitenote_active":false,"_monsterinsights_sitenote_note":"","_monsterinsights_sitenote_category":0,"neve_meta_sidebar":"","neve_meta_container":"","neve_meta_enable_content_width":"","neve_meta_content_width":0,"neve_meta_title_alignment":"","neve_meta_author_avatar":"","neve_post_elements_order":"","neve_meta_disable_header":"","neve_meta_disable_footer":"","neve_meta_disable_title":"","footnotes":""},"class_list":["post-352","page","type-page","status-publish","hentry"],"_links":{"self":[{"href":"https:\/\/www.rccarpaty.sk\/index.php\/wp-json\/wp\/v2\/pages\/352","targetHints":{"allow":["GET"]}}],"collection":[{"href":"https:\/\/www.rccarpaty.sk\/index.php\/wp-json\/wp\/v2\/pages"}],"about":[{"href":"https:\/\/www.rccarpaty.sk\/index.php\/wp-json\/wp\/v2\/types\/page"}],"author":[{"embeddable":true,"href":"https:\/\/www.rccarpaty.sk\/index.php\/wp-json\/wp\/v2\/users\/1"}],"replies":[{"embeddable":true,"href":"https:\/\/www.rccarpaty.sk\/index.php\/wp-json\/wp\/v2\/comments?post=352"}],"version-history":[{"count":8,"href":"https:\/\/www.rccarpaty.sk\/index.php\/wp-json\/wp\/v2\/pages\/352\/revisions"}],"predecessor-version":[{"id":569,"href":"https:\/\/www.rccarpaty.sk\/index.php\/wp-json\/wp\/v2\/pages\/352\/revisions\/569"}],"wp:attachment":[{"href":"https:\/\/www.rccarpaty.sk\/index.php\/wp-json\/wp\/v2\/media?parent=352"}],"curies":[{"name":"wp","href":"https:\/\/api.w.org\/{rel}","templated":true}]}}