{"id":85,"date":"2022-08-09T07:27:09","date_gmt":"2022-08-09T07:27:09","guid":{"rendered":"https:\/\/www.rccarpaty.sk\/?page_id=85"},"modified":"2026-01-01T11:10:54","modified_gmt":"2026-01-01T11:10:54","slug":"rc-auta","status":"publish","type":"page","link":"https:\/\/www.rccarpaty.sk\/index.php\/rc-auta\/","title":{"rendered":"RC aut\u00e1 na po\u017ei\u010danie"},"content":{"rendered":"\n<hr class=\"wp-block-separator has-alpha-channel-opacity\"\/>\n\n\n\n<hr class=\"wp-block-separator has-alpha-channel-opacity\"\/>\n\n\n\n<div class=\"wp-block-media-text is-stacked-on-mobile\" style=\"grid-template-columns:27% auto\"><figure class=\"wp-block-media-text__media\"><img loading=\"lazy\" decoding=\"async\" width=\"768\" height=\"1024\" src=\"https:\/\/www.rccarpaty.sk\/wp-content\/uploads\/2024\/01\/IMG_20240129_181712289_HDR-2-768x1024.jpg\" alt=\"\" class=\"wp-image-438 size-full\" srcset=\"https:\/\/www.rccarpaty.sk\/wp-content\/uploads\/2024\/01\/IMG_20240129_181712289_HDR-2-768x1024.jpg 768w, https:\/\/www.rccarpaty.sk\/wp-content\/uploads\/2024\/01\/IMG_20240129_181712289_HDR-2-225x300.jpg 225w, https:\/\/www.rccarpaty.sk\/wp-content\/uploads\/2024\/01\/IMG_20240129_181712289_HDR-2-1152x1536.jpg 1152w, https:\/\/www.rccarpaty.sk\/wp-content\/uploads\/2024\/01\/IMG_20240129_181712289_HDR-2-1536x2048.jpg 1536w, https:\/\/www.rccarpaty.sk\/wp-content\/uploads\/2024\/01\/IMG_20240129_181712289_HDR-2-scaled.jpg 1920w\" sizes=\"auto, (max-width: 768px) 100vw, 768px\" \/><\/figure><div class=\"wp-block-media-text__content\">\n<p>RC aut\u00ed\u010dko JEEP CHEROKEE v mierke 1:10, LEXAN karos\u00e9ria<\/p>\n\n\n\n<p>Servisn\u00fd poplatok: 20\u20ac \/ exped\u00edcia (cca 3-4 hodiny)<\/p>\n<\/div><\/div>\n\n\n\n<hr class=\"wp-block-separator has-alpha-channel-opacity\"\/>\n\n\n\n<p id=\"block-89f66203-49c9-4eb7-9b73-e2c5b9bb737a\">     RC aut\u00ed\u010dko  RGT crawler DEFIER V2 mierka  1\/10  aut\u00ed\u010dko si viete zak\u00fapi\u0165 na  : www.htmodel.sk<\/p>\n\n\n\n<p>                   Servisn\u00fd poplatok: 20\u20ac \/ exped\u00edcia (cca 3-4 hodiny)<\/p>\n\n\n\n<p id=\"block-89f66203-49c9-4eb7-9b73-e2c5b9bb737a\"> <br><\/p>\n\n\n\n<div class=\"wp-block-file\"><a id=\"wp-block-file--media-ba8ff8b2-2efd-46bc-a4e1-04f026a70a2a\" href=\"https:\/\/www.rccarpaty.sk\/wp-content\/uploads\/2025\/04\/1000004122-scaled.jpg\">1000004122<\/a><a href=\"https:\/\/www.rccarpaty.sk\/wp-content\/uploads\/2025\/04\/1000004122-scaled.jpg\" class=\"wp-block-file__button wp-element-button\" download aria-describedby=\"wp-block-file--media-ba8ff8b2-2efd-46bc-a4e1-04f026a70a2a\">Stiahnu\u0165<\/a><\/div>\n\n\n\n<figure class=\"wp-block-image size-large\"><img loading=\"lazy\" decoding=\"async\" width=\"368\" height=\"1024\" src=\"https:\/\/www.rccarpaty.sk\/wp-content\/uploads\/2025\/04\/1000004120-1-368x1024.jpg\" alt=\"\" class=\"wp-image-526\" srcset=\"https:\/\/www.rccarpaty.sk\/wp-content\/uploads\/2025\/04\/1000004120-1-368x1024.jpg 368w, https:\/\/www.rccarpaty.sk\/wp-content\/uploads\/2025\/04\/1000004120-1-108x300.jpg 108w, https:\/\/www.rccarpaty.sk\/wp-content\/uploads\/2025\/04\/1000004120-1-768x2136.jpg 768w, https:\/\/www.rccarpaty.sk\/wp-content\/uploads\/2025\/04\/1000004120-1-552x1536.jpg 552w, https:\/\/www.rccarpaty.sk\/wp-content\/uploads\/2025\/04\/1000004120-1-736x2048.jpg 736w, https:\/\/www.rccarpaty.sk\/wp-content\/uploads\/2025\/04\/1000004120-1-scaled.jpg 920w\" sizes=\"auto, (max-width: 368px) 100vw, 368px\" \/><\/figure>\n\n\n\n<p id=\"block-e06474c5-f479-4be2-98b4-abb881f88554\"><\/p>\n\n\n\n<div class=\"wp-block-booking-booking\"> <div id=\"form_id881606796768\"  class=\"wpbc_container wpbc_form wpbc_container_booking_form  \" ><form  id=\"booking_form1\"   class=\"booking_form vertical\" method=\"post\" action=\"\"><div id=\"ajax_respond_insert1\" class=\"ajax_respond_insert\" style=\"display:none;\"><\/div><a name=\"bklnk1\" id=\"bklnk1\"><\/a><div id=\"booking_form_div1\" class=\"booking_form_div\"><style type=\"text\/css\">.wpbc_container_booking_form .block_hints, .wpbc_booking_form_simple.wpbc_form_center .wpbc__form__div .wpbc__row.wpbc_r_calendar,  .wpbc_booking_form_simple .wpbc__form__div .wpbc__row:not(.wpbc_r_calendar){max-width:440px;} <\/style>\n<div class=\"wpbc_booking_form_simple \">\n    <div class=\"wpbc__form__div\">\n\t<div class=\"wpbc_r_calendar wpbc__row\">\n      <div class=\"wpbc_r_calendar wpbc__field\"> <div class=\"wpbc_calendar_wraper wpbc_change_over_triangle wpbc_calendar_skin_legacy\"><div class=\"wpbc_cal_container bk_calendar_frame wpbc_no_custom_width  months_num_in_row_ cal_month_num_2 wpbc_timeslot_day_bg_as_available\" style=\"\"><div id=\"calendar_booking1\">Na\u010d\u00edtavam kalend\u00e1r...<\/div><\/div><div style=\"font-size:7px;text-align:left;margin:0 0 10px;text-shadow: none;\">Powered by <a href=\"https:\/\/wpbookingcalendar.com\" style=\"font-size:7px;\" target=\"_blank\" title=\"Booking Calendar plugin for WordPress\">Booking Calendar<\/a><\/div><textarea id=\"date_booking1\" name=\"date_booking1\" autocomplete=\"off\" style=\"display:none;\"><\/textarea><\/div><\/div>\n\t<\/div>\n\t<div class=\"wpbc__row\">\n      <div class=\"wpbc_r_name wpbc__field\">  <label for=\"name1\">Meno*:<\/label><br>   <input type=\"text\" name=\"name1\" id=\"name1\" class=\"input-xlarge wpdev-validates-as-required\" \/><\/div>\n\t<\/div>\n\t<div class=\"wpbc__row\">\n      <div class=\"wpbc_r_secondname wpbc__field\">  <label for=\"secondname1\">Priezvisko*:<\/label><br>   <input type=\"text\" name=\"secondname1\" id=\"secondname1\" class=\"input-xlarge wpdev-validates-as-required\" \/><\/div>\n\t<\/div>\n\t<div class=\"wpbc__row\">\n      <div class=\"wpbc_r_autkoapoianie wpbc__field\">  <label for=\"autkoapoianie1\">ktor\u00e9 aut\u00ed\u010dko si prajete po\u017ei\u010da\u0165?*:<\/label><br>   <select name=\"autkoapoianie1\" id=\"autkoapoianie1\" class=\"input-xlarge wpdev-validates-as-required\" >  <option value=\"TOYOTA LC70 zelen\u00e1\" >TOYOTA LC70 zelen\u00e1<\/option>  <option value=\"JEEP RUBICON \u010dierny\" >JEEP RUBICON \u010dierny<\/option>  <option value=\"JEEP CHEROKEE \u010derven\u00fd\" >JEEP CHEROKEE \u010derven\u00fd<\/option>     <\/select><\/div>\n\t<\/div>\n\t<div class=\"wpbc__row\">\n      <div class=\"wpbc_r_name wpbc__field\">  <label for=\"name1\">na ktor\u00fa exped\u00edciu?*:<\/label><br>   <input type=\"text\" name=\"name1\" id=\"name1\" class=\"input-xlarge wpdev-validates-as-required\" \/><\/div>\n\t<\/div>\n\t<div class=\"wpbc__row\">\n      <div class=\"wpbc_r_email wpbc__field\">  <label for=\"email1\">Email*:<\/label><br>   <input type=\"email\" name=\"email1\" id=\"email1\" class=\"input-xlarge wpdev-validates-as-email wpdev-validates-as-required wpdev-validates-as-required\" \/><\/div>\n\t<\/div>\n\t<div class=\"wpbc__row\">\n      <div class=\"wpbc_r_phone wpbc__field\">  <label for=\"phone1\">telef\u00f3n*:<\/label><br>   <input type=\"text\" name=\"phone1\" id=\"phone1\" class=\"input-xlarge wpdev-validates-as-required\" \/><\/div>\n\t<\/div>\n\t<div class=\"wpbc__row\">\n      <div class=\"wpbc_r_captcha wpbc__field\"> <\/div>\n\t<\/div>\n\t<div class=\"wpbc__row\">\n      <div class=\"wpbc_r_submit wpbc__field\"> <button class=\"wpbc_button_light\" type=\"button\" onclick=\"mybooking_submit(this.form,1,'sk_SK');\" >Odosla\u0165<\/button>\n<\/div>\n\t<\/div>\n    <\/div>\n<\/div><input id=\"bk_type1\" name=\"bk_type1\" class=\"\" type=\"hidden\" value=\"1\" \/><\/div><div id=\"submiting1\"><\/div><div class=\"form_bk_messages\" id=\"form_bk_messages1\" ><\/div><input type=\"hidden\" id=\"wpbc_nonceCALCULATE_THE_COST1\" name=\"wpbc_nonceCALCULATE_THE_COST1\" value=\"52df0ed971\" \/><input type=\"hidden\" name=\"_wp_http_referer\" value=\"\/index.php\/wp-json\/wp\/v2\/pages\/85\" \/><\/form><\/div><div id=\"booking_form_garbage1\" class=\"booking_form_garbage\"><\/div><script type=\"text\/javascript\"> (function() { var a = setInterval( function() {  if ( ( 'undefined' === typeof jQuery ) || ! window.jQuery ) { return; } clearInterval( a ); jQuery( document ).ready( function (){ jQuery(\".widget_wpdev_booking .booking_form.form-horizontal\").removeClass(\"form-horizontal\");\n                                    var visible_calendars_count = _wpbc.get_other_param( \"calendars__on_this_page\" ).length;\n                                    if (visible_calendars_count !== null ) {\n                                        for (var i=0;i< visible_calendars_count ;i++){\n                                          if ( _wpbc.get_other_param( \"calendars__on_this_page\" )[i] === 1 ) {\n                                              document.getElementById(\"form_id881606796768\").innerHTML = \"<span style='color:#A00;font-size:10px;'>Pozor! Rezerva\u010dn\u00fd kalend\u00e1r pre rezerv\u00e1ciu tohto zariadenia u\u017e je na str\u00e1nke, pozrite si pros\u00edm viac oh\u013eadom tohto na tejto str\u00e1nke: https:\/\/wpbookingcalendar.com\/faq\/why-the-booking-calendar-widget-not-show-on-page\/<\/span>\";                                                                                                  \n                                              jQuery(\"#form_id881606796768\").animate( {opacity: 1}, 10000 ).fadeOut(5000);\n                                              return;\n                                          }\n                                        }\n                                        _wpbc.get_other_param( \"calendars__on_this_page\" )[ visible_calendars_count ]=1;\n                                    } } ); }, 500 ); })();<\/script> <script type=\"text\/javascript\"> (function() { var a = setInterval( function() {  if ( ( 'undefined' === typeof jQuery ) || ! window.jQuery ) { return; } clearInterval( a ); jQuery( document ).ready( function (){ _wpbc.balancer__set_max_threads( 3 );  _wpbc.calendar__set_param_value( 1 , 'calendar_scroll_to' , false );  _wpbc.calendar__set_param_value( 1 , 'booking_max_monthes_in_calendar' , '1y' );  _wpbc.calendar__set_param_value( 1 , 'booking_start_day_weeek' , '1' );  _wpbc.calendar__set_param_value( 1 , 'calendar_number_of_months' , '2' );   _wpbc.calendar__set_param_value( 1, 'days_select_mode', 'single' );   _wpbc.calendar__set_param_value( 1, 'fixed__days_num', 0 );   _wpbc.calendar__set_param_value( 1, 'fixed__week_days__start',   [] );   _wpbc.calendar__set_param_value( 1, 'dynamic__days_min', 0 );   _wpbc.calendar__set_param_value( 1, 'dynamic__days_max', 0 );   _wpbc.calendar__set_param_value( 1, 'dynamic__days_specific',    [] );   _wpbc.calendar__set_param_value( 1, 'dynamic__week_days__start', [] );   _wpbc.calendar__set_param_value( 1, 'booking_date_format', 'j. F Y' );   _wpbc.calendar__set_param_value( 1, 'booking_time_format', 'g:i a' );   if ( 'function' === typeof ( wpbc__conditions__SAVE_INITIAL__days_selection_params__bm ) ){ wpbc__conditions__SAVE_INITIAL__days_selection_params__bm( 1 ); }   wpbc_calendar_show( '1' );   _wpbc.set_secure_param( 'nonce',   '1ef5cfd8e7' );   _wpbc.set_secure_param( 'user_id', '0' );   _wpbc.set_secure_param( 'locale',  'sk_SK' );  wpbc_calendar__load_data__ajx( {\"resource_id\":1,\"booking_hash\":\"\",\"request_uri\":\"\\\/index.php\\\/wp-json\\\/wp\\\/v2\\\/pages\\\/85\",\"custom_form\":\"standard\",\"aggregate_resource_id_str\":\"\",\"aggregate_type\":\"all\"} ); } ); }, 500 ); })();<\/script><\/div>\n","protected":false},"excerpt":{"rendered":"<p>RC aut\u00ed\u010dko JEEP CHEROKEE v mierke 1:10, LEXAN karos\u00e9ria Servisn\u00fd poplatok: 20\u20ac \/ exped\u00edcia (cca 3-4 hodiny) RC aut\u00ed\u010dko RGT crawler DEFIER V2 mierka 1\/10 aut\u00ed\u010dko si viete zak\u00fapi\u0165 na&hellip;&nbsp;<a href=\"https:\/\/www.rccarpaty.sk\/index.php\/rc-auta\/\" class=\"\" rel=\"bookmark\">\u010c\u00edta\u0165 viac &raquo;<span class=\"screen-reader-text\">RC aut\u00e1 na po\u017ei\u010danie<\/span><\/a><\/p>\n","protected":false},"author":1,"featured_media":0,"parent":0,"menu_order":0,"comment_status":"closed","ping_status":"closed","template":"","meta":{"om_disable_all_campaigns":false,"_monsterinsights_skip_tracking":false,"_monsterinsights_sitenote_active":false,"_monsterinsights_sitenote_note":"","_monsterinsights_sitenote_category":0,"neve_meta_sidebar":"","neve_meta_container":"","neve_meta_enable_content_width":"","neve_meta_content_width":0,"neve_meta_title_alignment":"","neve_meta_author_avatar":"","neve_post_elements_order":"","neve_meta_disable_header":"","neve_meta_disable_footer":"","neve_meta_disable_title":"","footnotes":""},"class_list":["post-85","page","type-page","status-publish","hentry"],"_links":{"self":[{"href":"https:\/\/www.rccarpaty.sk\/index.php\/wp-json\/wp\/v2\/pages\/85","targetHints":{"allow":["GET"]}}],"collection":[{"href":"https:\/\/www.rccarpaty.sk\/index.php\/wp-json\/wp\/v2\/pages"}],"about":[{"href":"https:\/\/www.rccarpaty.sk\/index.php\/wp-json\/wp\/v2\/types\/page"}],"author":[{"embeddable":true,"href":"https:\/\/www.rccarpaty.sk\/index.php\/wp-json\/wp\/v2\/users\/1"}],"replies":[{"embeddable":true,"href":"https:\/\/www.rccarpaty.sk\/index.php\/wp-json\/wp\/v2\/comments?post=85"}],"version-history":[{"count":19,"href":"https:\/\/www.rccarpaty.sk\/index.php\/wp-json\/wp\/v2\/pages\/85\/revisions"}],"predecessor-version":[{"id":549,"href":"https:\/\/www.rccarpaty.sk\/index.php\/wp-json\/wp\/v2\/pages\/85\/revisions\/549"}],"wp:attachment":[{"href":"https:\/\/www.rccarpaty.sk\/index.php\/wp-json\/wp\/v2\/media?parent=85"}],"curies":[{"name":"wp","href":"https:\/\/api.w.org\/{rel}","templated":true}]}}