{"id":86,"date":"2022-08-09T07:27:09","date_gmt":"2022-08-09T07:27:09","guid":{"rendered":"https:\/\/www.rccarpaty.sk\/?page_id=86"},"modified":"2026-04-12T12:18:06","modified_gmt":"2026-04-12T12:18:06","slug":"kalendar","status":"publish","type":"page","link":"https:\/\/www.rccarpaty.sk\/index.php\/kalendar\/","title":{"rendered":"Kalend\u00e1r"},"content":{"rendered":"\n<h2 class=\"wp-block-heading has-medium-font-size\">R\u00e1mcov\u00fd program exped\u00edci\u00ed na cel\u00fd rok<\/h2>\n\n\n\n<p class=\"has-small-font-size\">pre term\u00edny exped\u00edci\u00ed sledujete na\u0161u facebook skupinu <a href=\"https:\/\/www.facebook.com\/groups\/rccarpaty\" target=\"_blank\" rel=\"noreferrer noopener\">https:\/\/www.facebook.com\/groups\/rccarpaty<\/a><\/p>\n\n\n\n<ul class=\"wp-block-list\">\n<li>Janu\u00e1r<\/li>\n\n\n\n<li>Febru\u00e1r<\/li>\n\n\n\n<li>Marec &#8211; 28.3. 2026  Nitrianska Blatnica, Rotunda sv.Juraja .Registr\u00e1cia od 10:00 h  park pri ka\u0161tieli.<\/li>\n\n\n\n<li>Apr\u00edl  25.4.2026  Bansk\u00e1 \u0160tiavnica &#8211; <a href=\"https:\/\/www.hrady-zamky.sk\/glanzenberg\/\">hrad Glanzenberg<\/a> . Registr\u00e1cia od 10: 00 h   h\u00e1jov\u0148a \u010derven\u00e1 stud\u0148a<\/li>\n\n\n\n<li>M\u00e1j &#8211; 30.5.2026  Brezov\u00e1 pod Bradlom   -Bradlo.   Registr\u00e1cia od 10:00 h   N\u00e1mestie M. R. \u0160tef\u00e1nika<\/li>\n\n\n\n<li><\/li>\n\n\n\n<li>J\u00fal &#8211; 18.7.2026 Borinka<\/li>\n\n\n\n<li><\/li>\n\n\n\n<li>September 2026<\/li>\n\n\n\n<li>November 2026<\/li>\n\n\n\n<li><\/li>\n<\/ul>\n","protected":false},"excerpt":{"rendered":"<p>R\u00e1mcov\u00fd program exped\u00edci\u00ed na cel\u00fd rok pre term\u00edny exped\u00edci\u00ed sledujete na\u0161u facebook skupinu https:\/\/www.facebook.com\/groups\/rccarpaty<\/p>\n","protected":false},"author":1,"featured_media":0,"parent":0,"menu_order":0,"comment_status":"closed","ping_status":"closed","template":"","meta":{"om_disable_all_campaigns":false,"_monsterinsights_skip_tracking":false,"_monsterinsights_sitenote_active":false,"_monsterinsights_sitenote_note":"","_monsterinsights_sitenote_category":0,"neve_meta_sidebar":"","neve_meta_container":"","neve_meta_enable_content_width":"","neve_meta_content_width":0,"neve_meta_title_alignment":"","neve_meta_author_avatar":"","neve_post_elements_order":"","neve_meta_disable_header":"","neve_meta_disable_footer":"","neve_meta_disable_title":"","footnotes":""},"class_list":["post-86","page","type-page","status-publish","hentry"],"_links":{"self":[{"href":"https:\/\/www.rccarpaty.sk\/index.php\/wp-json\/wp\/v2\/pages\/86","targetHints":{"allow":["GET"]}}],"collection":[{"href":"https:\/\/www.rccarpaty.sk\/index.php\/wp-json\/wp\/v2\/pages"}],"about":[{"href":"https:\/\/www.rccarpaty.sk\/index.php\/wp-json\/wp\/v2\/types\/page"}],"author":[{"embeddable":true,"href":"https:\/\/www.rccarpaty.sk\/index.php\/wp-json\/wp\/v2\/users\/1"}],"replies":[{"embeddable":true,"href":"https:\/\/www.rccarpaty.sk\/index.php\/wp-json\/wp\/v2\/comments?post=86"}],"version-history":[{"count":30,"href":"https:\/\/www.rccarpaty.sk\/index.php\/wp-json\/wp\/v2\/pages\/86\/revisions"}],"predecessor-version":[{"id":570,"href":"https:\/\/www.rccarpaty.sk\/index.php\/wp-json\/wp\/v2\/pages\/86\/revisions\/570"}],"wp:attachment":[{"href":"https:\/\/www.rccarpaty.sk\/index.php\/wp-json\/wp\/v2\/media?parent=86"}],"curies":[{"name":"wp","href":"https:\/\/api.w.org\/{rel}","templated":true}]}}